{"id":219,"date":"2021-12-05T21:57:22","date_gmt":"2021-12-05T21:57:22","guid":{"rendered":"https:\/\/reinhard-stengel.de\/wp\/?page_id=219"},"modified":"2026-02-01T10:50:37","modified_gmt":"2026-02-01T09:50:37","slug":"ausbildung-seelen-schamanismus","status":"publish","type":"page","link":"https:\/\/reinhard-stengel.de\/wp\/ausbildung-seelen-schamanismus\/","title":{"rendered":"Ausbildung Seelen-Schamanismus"},"content":{"rendered":"<div  data-label=\"Overlappable\" data-id=\"overlappable--1\" data-export-id=\"overlappable-6\" data-category=\"overlappable\" class=\"overlappable-6 content-section content-section-spacing\" data-overlap=\"true\" id=\"overlappable-1\" style=\"background-color: rgb(255, 255, 255);\"><div  class=\"gridContainer\"> <div  data-type=\"row\" class=\"row shadow-medium\"><div  class=\"col-xs-12 col-sm-4 col-padding-small col-padding-small-xs white-text bg-color2 col-md-6 \"> <div  class=\"row middle-xs\"><div  class=\"col-xs-12 col-sm-fit space-bottom-small-xs\"> <i  class=\"fa icon fa-map-marker bordered round color-white\"><\/i><\/div> <div  data-type=\"column\" class=\"col-xs-12 col-sm\"><h4  class=\"\">M\u00dcHLHEIM am Main (D)<\/h4> <p  class=\"font-300\">Beginn 7. November 2026<\/p><a  class=\"button color3\" href=\"https:\/\/reinhard-stengel.de\/wp\/ausbildung-seelen-schamanismus-erzhausen\" target=\"_self\" data-cp-link=\"1\" data-icon=\"\" rel=\"noopener\">Zur Ausbildung<\/a><\/div> <\/div><\/div>  <div  class=\"col-xs-12 col-sm-4 col-padding-small col-padding-small-xs white-text bg-color2 col-md-6 \"><div  class=\"row middle-xs\"> <div  class=\"col-xs-12 col-sm-fit space-bottom-small-xs\"><i  class=\"fa icon fa-map-marker bordered round color-white\"><\/i><\/div> <div  data-type=\"column\" class=\"col-xs-12 col-sm\"><h4  class=\"\">Langenargen (D)<\/h4> <p  class=\"font-300\">Beginn 20. Januar 2027<\/p><a  class=\"button color3\" href=\"https:\/\/reinhard-stengel.de\/wp\/ausbildung-seelen-schamanismus-langenargen\" target=\"_self\" data-cp-link=\"1\" data-icon=\"\" rel=\"noopener\">Zur Ausbildung<\/a><\/div> <\/div><\/div> <\/div><\/div> <\/div><div  data-label=\"Content\" data-id=\"content--1\" data-export-id=\"content-7\" data-category=\"content\" class=\"content-7 content-section content-section-spacing\" id=\"content-1\" style=\"background-color: rgb(255, 255, 255); background-image: none;\"><div  class=\"gridContainer\"> <div  class=\"row middle-sm\"><div  class=\"col-sm-6 space-bottom-xs\" data-type=\"column\"> <h2  class=\"\">Ausbildungs-Inhalte<\/h2> <p  class=\"\">Die Erfahrungen, die ich \u00fcber viele Jahre hindurch machen durfte, die Zusammenarbeit mit Schamanen, Geistheilern, Energiearbeitern und \u00c4rzten haben mich best\u00e4rkt, meine Arbeit auf dem Schamanischen Weg weiter auszubauen und meine eigenen Studien zu intensivieren.\n<br ><br >Da ich zu der Ansicht gelangt bin, dass diese Arbeit \u00fcber schamanische Philosophie, schamanisches Wissen, sowie schamanische Techniken unbedingt weitergegeben werden sollte, kreierte ich eine Seminarreihe mit 12 Modulen.\n<br ><br >\nIn diesen Seminaren k\u00f6nnen interessierte Personen dieses alte Grundwissen, das in jedem von uns schlummert, erlernen und wiedererwecken.<\/p> <h4  class=\"\">In dieser Ausbildung befreist du dich von tiefsitzenden Blockaden und alten Mustern.\n<br >Diese Ausbildung f\u00f6rdert deine pers\u00f6nliche Entwicklung und aktiviert deine Selbstheilungskr\u00e4fte.<\/h4><\/div> <div  class=\"col-sm-6\" data-type=\"column\"> <img  decoding=\"async\" class=\"shadow-large\" src=\"https:\/\/reinhard-stengel.de\/wp\/wp-content\/uploads\/2021\/12\/cropped-Anders-als-die-anderen.png\" title=\"cropped-Anders-als-die-anderen.png\" alt=\"\"><\/div> <\/div><\/div> <\/div><div  data-label=\"Content\" data-id=\"content--2\" data-export-id=\"content-8\" data-category=\"content\" class=\"content-8 content-section content-section-spacing\" id=\"content-2\" style=\"background-color: rgb(241, 241, 241); background-image: none;\"><div  class=\"gridContainer\"> <div  class=\"row middle-sm\"><div  class=\"col-sm-6 space-bottom-xs space-top-xs\" data-type=\"column\"> <img  decoding=\"async\" class=\"shadow-large\" src=\"https:\/\/reinhard-stengel.de\/wp\/wp-content\/uploads\/2021\/12\/Design-ohne-Titel205.png\" title=\"Design ohne Titel(205)\" alt=\"\"><\/div> <div  class=\"col-sm-6\" data-type=\"column\"><h2  class=\"\">Seminar Block 1<\/h2> <p  class=\"\">Beinhaltet Teil 1, 2, 3, 4<\/p> <h2  class=\"\">Seminar Block 2 \u2013 \u201eK\u00f6rper\u201c<\/h2><p  class=\"\">Beinhaltet Teil 5, 6, 7<\/p><h2  class=\"\">Seminar Block 3 \u2013 \u201eGeist\u201c<\/h2><p  class=\"\">Beinhaltet Teil 8, 9, 10<\/p><h2  class=\"\">Seminar Block 4 \u2013 \u201eGeld\u201c<\/h2><p  class=\"\">Beinhaltet Teil 11, 12<\/p><\/div> <\/div><\/div> <\/div><div  data-label=\"Testimonials\" data-id=\"testimonials--1\" data-export-id=\"testimonials-4\" data-category=\"testimonials\" class=\"testimonials-4 content-section content-section-spacing\" id=\"testimonials-1\" style=\"background-color: rgb(255, 255, 255);\"><div  class=\"gridContainer\"> <div  class=\"row\"><div  data-type=\"column\" class=\"section-title-col\"> <h2  class=\"\">Seminaraufbau \u2013 der einzelnen Teile<\/h2> <\/div> <\/div> <div  class=\"row spaced-cols content-center-sm\" data-type=\"row\"> <div  class=\"col-xs-12 col-sm-6 col-md-4 \"> <div  class=\"card small-padding no-border\"> <div  class=\"row middle-xs\"> <div  class=\"col-xs-fit col-sm-12 col-md-5\" data-preview-empty=\"1\"> <\/div> <div  class=\"col-xs-fit col-sm-12 col-md-5 info\" data-type=\"column\"> <\/div> <\/div> <div  class=\"row\"> <div  class=\"testimonial-body col-xs-12\" data-type=\"column\"> <h4  class=\"\">Teil 1<\/h4><h2  class=\"\">Aura + Fingerlesen<\/h2><p  class=\"\">Prana sehen und f\u00fchlen, Aura sp\u00fcren, reinigen der Aura, Aura-Schichten f\u00fchlen, Blockaden in den Schichten sp\u00fcren und aufl\u00f6sen, \u00dcbungen um die Aura zu sehen.<br >\n\n<br >Dauer: 1 Tag\n<br >Voraussetzung: keine<\/p><\/div> <\/div><\/div> <\/div>   <div  class=\"col-xs-12 col-sm-6 col-md-4 \"> <div  class=\"card small-padding no-border\"> <div  class=\"row middle-xs\"> <div  class=\"col-xs-fit col-sm-12 col-md-5\" data-preview-empty=\"1\"> <\/div> <div  class=\"col-xs-fit col-sm-12 col-md-5 info\" data-type=\"column\"> <\/div> <\/div> <div  class=\"row\"> <div  class=\"testimonial-body col-xs-12\" data-type=\"column\"> <h4  class=\"\">Teil 2<\/h4><h2  class=\"\">Chakra + Fingerlesen<\/h2><p  class=\"\">Eigenen Schutz aufbauen, sich mit dem H\u00f6heren Selbst verbinden, Chakren f\u00fchlen, Chakren ausgleichen, reinigen und andrehen, Chakren-Arbeit auf schamanische Weise.<br >\n\n<br >Dauer: 1 Tag\n<br >Voraussetzung: Teil 1<\/p><\/div> <\/div><\/div> <\/div><div  class=\"col-xs-12 col-sm-6 col-md-4 \"> <div  class=\"card small-padding no-border\"> <div  class=\"row middle-xs\"> <div  class=\"col-xs-fit col-sm-12 col-md-5\" data-preview-empty=\"1\"> <\/div> <div  class=\"col-xs-fit col-sm-12 col-md-5 info\" data-type=\"column\"> <\/div> <\/div> <div  class=\"row\"> <div  class=\"testimonial-body col-xs-12\" data-type=\"column\"> <h4  class=\"\">Teil 3<\/h4><h2  class=\"\">Inneres Kind \/ Frau \/ Mann<\/h2><p  class=\"\">Viele Verletzungen entstehen in der Kindheit. Wir setzen uns mit diesem Thema auseinander und lernen uns selbst anzunehmen. Wir l\u00f6sen Schritt f\u00fcr Schritt Blockaden, damit wir frei sind von alten l\u00e4hmenden Mustern.<br >\n\n<br >Dauer: 2 Tage\n<br >Voraussetzung: Teil 1-2<\/p><\/div> <\/div><\/div> <\/div><div  class=\"col-xs-12 col-sm-6 col-md-4 \"> <div  class=\"card small-padding no-border\"> <div  class=\"row middle-xs\"> <div  class=\"col-xs-fit col-sm-12 col-md-5\" data-preview-empty=\"1\"> <\/div> <div  class=\"col-xs-fit col-sm-12 col-md-5 info\" data-type=\"column\"> <\/div> <\/div> <div  class=\"row\"> <div  class=\"testimonial-body col-xs-12\" data-type=\"column\"> <h4  class=\"\">Teil 4<\/h4><h3  class=\"\"><span  style=\"color: rgb(249, 32, 162); font-weight: 400;\">Fl\u00fcche \/ Besetzungen \/ Implantate l\u00f6sen<\/span><\/h3><p  class=\"\">Was sind Besetzungen, Fl\u00fcche, Implantate, Verw\u00fcnschungen, Versprechen? Wo kommen sie her? Wie werden sie gel\u00f6st?<br >\n\n<br >Dauer: 2 Tage\n<br >Voraussetzung: Teil 1-3<\/p><h2  class=\"\"><\/h2><\/div> <\/div><\/div> <\/div><div  class=\"col-xs-12 col-sm-6 col-md-4 \"> <div  class=\"card small-padding no-border\"> <div  class=\"row middle-xs\"> <div  class=\"col-xs-fit col-sm-12 col-md-5\" data-preview-empty=\"1\"> <\/div> <div  class=\"col-xs-fit col-sm-12 col-md-5 info\" data-type=\"column\"> <\/div> <\/div> <div  class=\"row\"> <div  class=\"testimonial-body col-xs-12\" data-type=\"column\"> <h4  class=\"\">Teil 5<\/h4><h3  class=\"\"><span  style=\"color: rgb(249, 32, 162); font-weight: 400;\">Inneres Kind: Grundzelle heilen \u2013 Aufarbeitung der Schwangerschafts-monate, Geburt<\/span><\/h3><p  class=\"\">\u00dcber das Energiefeld werden Blockaden gel\u00f6st, Eizelle und Samenzelle treffen aufeinander und verbinden sich mit dem Seelenstrahl.<br >\n\n<br >Dauer: 2 Tage\n<br >Voraussetzung: Teil 1-4<\/p><h2  class=\"\"><\/h2><\/div> <\/div><\/div> <\/div><div  class=\"col-xs-12 col-sm-6 col-md-4 \"> <div  class=\"card small-padding no-border\"> <div  class=\"row middle-xs\"> <div  class=\"col-xs-fit col-sm-12 col-md-5\" data-preview-empty=\"1\"> <\/div> <div  class=\"col-xs-fit col-sm-12 col-md-5 info\" data-type=\"column\"> <\/div> <\/div> <div  class=\"row\"> <div  class=\"testimonial-body col-xs-12\" data-type=\"column\"> <h4  class=\"\">Teil 6<\/h4><h3  class=\"\"><span  style=\"color: rgb(249, 32, 162); font-weight: 400;\">Lichtkugel, Lichtei, Arbeit energetisch mit den Organen\/Energie waschen<\/span><\/h3><p  class=\"\">Arbeit mit Energie, Schmerzen aufl\u00f6sen mit Lichtkugeln, Arbeit energetisch mit den Organen.<br >\n\n<br >Dauer: 1 Tag\n<br >Voraussetzung: Teil 1-5<\/p><\/div> <\/div><\/div> <\/div><div  class=\"col-xs-12 col-sm-6 col-md-4 \"> <div  class=\"card small-padding no-border\"> <div  class=\"row middle-xs\"> <div  class=\"col-xs-fit col-sm-12 col-md-5\" data-preview-empty=\"1\"> <\/div> <div  class=\"col-xs-fit col-sm-12 col-md-5 info\" data-type=\"column\"> <\/div> <\/div> <div  class=\"row\"> <div  class=\"testimonial-body col-xs-12\" data-type=\"column\"> <h4  class=\"\">Teil 7<\/h4><h3  class=\"\"><span  style=\"color: rgb(249, 32, 162); font-weight: 400;\">Kreisarbeit, Blockaden l\u00f6sen, Chakren lesen + Finger lesen<\/span><\/h3><p  class=\"\">Eigenen Schutz aufbauen, sich mit dem h\u00f6heren Selbst verbinden, in alle 21 Chakren ein harmonisches Bild integrieren, Chakren lesen.<br >\n\n<br >Dauer: 1 Tag\n<br >Voraussetzung: Teil 1-6<\/p><\/div> <\/div><\/div> <\/div><div  class=\"col-xs-12 col-sm-6 col-md-4 \"> <div  class=\"card small-padding no-border\"> <div  class=\"row middle-xs\"> <div  class=\"col-xs-fit col-sm-12 col-md-5\" data-preview-empty=\"1\"> <\/div> <div  class=\"col-xs-fit col-sm-12 col-md-5 info\" data-type=\"column\"> <\/div> <\/div> <div  class=\"row\"> <div  class=\"testimonial-body col-xs-12\" data-type=\"column\"> <h4  class=\"\">Teil 8<\/h4><h3  class=\"\"><span  style=\"color: rgb(249, 32, 162); font-weight: 400;\">Liebe integrieren auf allen 7 K\u00f6rpern, Atem\u00fcbung ins 14. Chakra, Automatisches Schreiben + Finger lesen<\/span><\/h3><p  class=\"\">Arbeit mit Energie, Liebe auf allen K\u00f6rpern integrieren, Atem\u00fcbung ins 14. Chakra, Automatisches Schreiben.<br >\n\n<br >Dauer: 1 Tag\n<br >Voraussetzung: Teil 1-7<\/p><\/div> <\/div><\/div> <\/div><div  class=\"col-xs-12 col-sm-6 col-md-4 \"> <div  class=\"card small-padding no-border\"> <div  class=\"row middle-xs\"> <div  class=\"col-xs-fit col-sm-12 col-md-5\" data-preview-empty=\"1\"> <\/div> <div  class=\"col-xs-fit col-sm-12 col-md-5 info\" data-type=\"column\"> <\/div> <\/div> <div  class=\"row\"> <div  class=\"testimonial-body col-xs-12\" data-type=\"column\"> <h4  class=\"\">Teil 9<\/h4><h3  class=\"\"><span  style=\"font-weight: 400; color: rgb(249, 32, 162);\">Aufl\u00f6sung negativer Gef\u00fchle, K\u00f6rperkontrolle durch Geist-Kontrolle, Beherrschung des Alphazustands, Lebensband, Zeitreisen<\/span><\/h3><p  class=\"\">Erreichen des Alphazustands, L\u00f6schung von traumatischen Erlebnissen, Spontanheilung durch Zeitreisen, \u00c4ngste aufl\u00f6sen und vieles mehr.<br >\n\n<br >Dauer: 1 Tag\n<br >Voraussetzung: Teil 1-8<\/p><\/div> <\/div><\/div> <\/div><div  class=\"col-xs-12 col-sm-6 col-md-4 \"> <div  class=\"card small-padding no-border\"> <div  class=\"row middle-xs\"> <div  class=\"col-xs-fit col-sm-12 col-md-5\" data-preview-empty=\"1\"> <\/div> <div  class=\"col-xs-fit col-sm-12 col-md-5 info\" data-type=\"column\"> <\/div> <\/div> <div  class=\"row\"> <div  class=\"testimonial-body col-xs-12\" data-type=\"column\"> <h4  class=\"\">Teil 10<\/h4><h3  class=\"\"><span  style=\"font-weight: 400; color: rgb(249, 32, 162);\">Die Metamorphose erarbeiten, auf der Zeitebene, Herstellung von Heilfolien, Kristallheilung \u2013 Kristallchirurgie, Namensreinigung<\/span><\/h3><p  class=\"\">Die Metamorphose ist wie die Umwandlung von der Raupe zum Schmetterling. Wir arbeiten an den vorgeburtlichen Mustern. L\u00f6sen von Blockaden auf geistiger Ebene an bestimmten Lern- und Lebensthemen<br >\nund vieles mehr.<br >\n\n<br >Dauer: 2 Tage\n<br >Voraussetzung: Teil 1-9<\/p><\/div> <\/div><\/div> <\/div><div  class=\"col-xs-12 col-sm-6 col-md-4 \"> <div  class=\"card small-padding no-border\"> <div  class=\"row middle-xs\"> <div  class=\"col-xs-fit col-sm-12 col-md-5\" data-preview-empty=\"1\"> <\/div> <div  class=\"col-xs-fit col-sm-12 col-md-5 info\" data-type=\"column\"> <\/div> <\/div> <div  class=\"row\"> <div  class=\"testimonial-body col-xs-12\" data-type=\"column\"> <h4  class=\"\">Teil 11<\/h4><h3  class=\"\"><span  style=\"color: rgb(249, 32, 162); font-weight: 400;\">Schamanische Reise in die untere, mittlere und obere Welt \u2013 Traumreise<\/span><\/h3><p  class=\"\">Suche nach deinem Krafttier und Seelenanteilen.<br >\n\n<br >Dauer: 2 Tage\n<br >Voraussetzung: Teil 1-10<\/p><\/div> <\/div><\/div> <\/div><div  class=\"col-xs-12 col-sm-6 col-md-4 \"> <div  class=\"card small-padding no-border\"> <div  class=\"row middle-xs\"> <div  class=\"col-xs-fit col-sm-12 col-md-5\" data-preview-empty=\"1\"> <\/div> <div  class=\"col-xs-fit col-sm-12 col-md-5 info\" data-type=\"column\"> <\/div> <\/div> <div  class=\"row\"> <div  class=\"testimonial-body col-xs-12\" data-type=\"column\"> <h4  class=\"\">Teil 12<\/h4><h3  class=\"\"><span  style=\"color: rgb(249, 32, 162); font-weight: 400;\">Techniken erfahren, Blockaden l\u00f6sen, Geist des Geldes, Geist der Beziehung<\/span><\/h3><p  class=\"\">Zwei Finger Technik, Zwei-Punkt-Technik zum Blockaden l\u00f6sen aus der Schwangerschaft, Theta-Technik, Blitz-Hypnose, geistige Wirbels\u00e4ulenbegradigung, Beckenschiefst\u00e4nde und vieles mehr!<br >\n\n<br >Dauer: 4 Tage\n<br >Voraussetzung: Teil 1-11<\/p><\/div> <\/div><\/div> <\/div><\/div> <\/div><\/div><div  data-label=\"Cta\" data-id=\"cta--2\" data-export-id=\"cta-centered-section-grid\" data-category=\"cta\" class=\"cta-centered-section-grid content-section content-section-spacing-medium bg-color1 white-text\" id=\"cta-2\" style=\"background-image: none; background-color: rgb(249, 32, 162);\"><div  class=\"gridContainer\"> <div  class=\"row text-center\"><div  class=\"col-xs-12 col-sm-10 col-sm-offset-1 col-md-8 col-md-offset-2\" data-type=\"column\"> <h2  class=\"\">Deine Ausbildung beginnt\u2026<\/h2> <p  class=\"\">Erlerne und erwecke in den 12 Seminaren und Modulen altes Grundwissen, das in jedem von uns schlummert. Reinhard Stengel teilt seine Erfahrungen, die er \u00fcber viele Jahre, in Zusammenarbeit mit Schamanen, Geistheilern, Energiearbeitern und \u00c4rzten, hindurch machen durfte.<\/p> <a  class=\"button color3\" href=\"https:\/\/reinhard-stengel.de\/wp\/ausbildung-seelen-schamanismus-erzhausen\" target=\"_self\" data-cp-link=\"1\" data-icon=\"\" rel=\"noopener\">AUSBILDUNG IN M\u00dcHLHEIM<\/a><a  class=\"button color3\" href=\"https:\/\/reinhard-stengel.de\/wp\/ausbildung-seelen-schamanismus-langenargen\" target=\"_self\" data-cp-link=\"1\" data-icon=\"\" rel=\"noopener\">AUSBILDUNG IN LANGENARGEN (D)<\/a><\/div> <\/div><\/div> <\/div><div  data-label=\"Cta\" data-id=\"cta--1\" data-export-id=\"cta-centered-bg-section\" data-category=\"cta\" data-section-ov=\"1\" class=\"cta-centered-bg-section content-section content-section-spacing-medium white-text\" data-parallax-depth=\"20\" id=\"cta-1\" style=\"background-color: rgb(245, 250, 253); background-image: url(&quot;https:\/\/reinhard-stengel.de\/wp\/wp-content\/uploads\/2021\/12\/tree-g38be060ef_1280.jpg&quot;); background-size: cover; background-position: center top;\"><div  class=\"gridContainer\"> <div  class=\"row text-center\"><div  data-type=\"column\" class=\"\"> <h2  class=\"\"><span  style=\"color: rgb(249, 32, 162);\">Zur <span  style=\"font-weight: 600;\">REIKI-Ausbildung<\/span> mit Reinhard Stengel<\/span><\/h2> <a  class=\"button color3\" href=\"https:\/\/reinhard-stengel.de\/wp\/ausbildung-reiki\" target=\"_self\" data-cp-link=\"1\" data-icon=\"\" rel=\"noopener\">JETZT KENNELERNEN<\/a><\/div> <\/div><\/div> <\/div>","protected":false},"excerpt":{"rendered":"<p>M\u00dcHLHEIM am Main (D) Beginn 7. November 2026Zur Ausbildung Langenargen (D) Beginn 20. Januar 2027Zur Ausbildung Ausbildungs-Inhalte Die Erfahrungen, die ich \u00fcber viele Jahre hindurch machen durfte, die Zusammenarbeit mit Schamanen, Geistheilern, Energiearbeitern und \u00c4rzten haben mich best\u00e4rkt, meine Arbeit auf dem Schamanischen Weg weiter auszubauen und meine eigenen Studien zu intensivieren. Da ich zu&hellip; <br \/> <a class=\"read-more\" href=\"https:\/\/reinhard-stengel.de\/wp\/ausbildung-seelen-schamanismus\/\">Read more<\/a><\/p>\n","protected":false},"author":1,"featured_media":0,"parent":0,"menu_order":0,"comment_status":"closed","ping_status":"closed","template":"pro\/page-templates\/full-width-page.php","meta":{"footnotes":""},"class_list":["post-219","page","type-page","status-publish","hentry"],"aioseo_notices":[],"_links":{"self":[{"href":"https:\/\/reinhard-stengel.de\/wp\/wp-json\/wp\/v2\/pages\/219","targetHints":{"allow":["GET"]}}],"collection":[{"href":"https:\/\/reinhard-stengel.de\/wp\/wp-json\/wp\/v2\/pages"}],"about":[{"href":"https:\/\/reinhard-stengel.de\/wp\/wp-json\/wp\/v2\/types\/page"}],"author":[{"embeddable":true,"href":"https:\/\/reinhard-stengel.de\/wp\/wp-json\/wp\/v2\/users\/1"}],"replies":[{"embeddable":true,"href":"https:\/\/reinhard-stengel.de\/wp\/wp-json\/wp\/v2\/comments?post=219"}],"version-history":[{"count":23,"href":"https:\/\/reinhard-stengel.de\/wp\/wp-json\/wp\/v2\/pages\/219\/revisions"}],"predecessor-version":[{"id":3342,"href":"https:\/\/reinhard-stengel.de\/wp\/wp-json\/wp\/v2\/pages\/219\/revisions\/3342"}],"wp:attachment":[{"href":"https:\/\/reinhard-stengel.de\/wp\/wp-json\/wp\/v2\/media?parent=219"}],"curies":[{"name":"wp","href":"https:\/\/api.w.org\/{rel}","templated":true}]}}