{"id":233,"date":"2021-12-05T21:59:07","date_gmt":"2021-12-05T21:59:07","guid":{"rendered":"https:\/\/reinhard-stengel.de\/wp\/?page_id=233"},"modified":"2025-01-27T15:45:09","modified_gmt":"2025-01-27T14:45:09","slug":"videos","status":"publish","type":"page","link":"https:\/\/reinhard-stengel.de\/wp\/videos\/","title":{"rendered":"Videos"},"content":{"rendered":"<div  data-label=\"Content\" data-id=\"content--7\" data-export-id=\"content-1\" data-category=\"content\" class=\"content-1 content-section content-section-spacing\" id=\"content-7\" style=\"background-color: rgb(255, 255, 255);\"><div  class=\"gridContainer\"> <div  class=\"row middle-sm\"><div  class=\"col-sm-6\" data-type=\"column\"> <h2  class=\"\">Nachtcaf\u00e9 (SWR)<\/h2> <p  class=\"\">\u00dcbernat\u00fcrliche F\u00e4higkeiten, Besuche von Au\u00dferirdischen in UFOs, Kontakte ins Jenseits und andere Ph\u00e4nomene:  \u201cKaum zu glauben \u2013 Ufos, Geister und Engel\u201d ist das Thema im Nachtcaf\u00e9.\n<br ><br >\nGenauer gesagt sind folgende G\u00e4ste am Freitag, dem 13.Dezember im Studio, um \u00fcber UFOs, Geister und Engel zu sprechen:<br >\n\n<br >Heike Fach, Hugo-Egon Balder, Reinhard Stengel, Zo\u00eb B. &amp; Marius Kettmann<\/p> <\/div> <div  class=\"col-sm-6 flexbox-strech center-xs middle-xs\"><div  class=\"lightbox-video lightbox-video-tall dark-overlay shadow-large flexbox middle-xs center-xs\" data-bg=\"image\" data-type=\"group\" style=\"background-image: url(&quot;https:\/\/reinhard-stengel.de\/wp\/wp-content\/uploads\/2022\/01\/cropped-Bildschirmfoto-2022-01-03-um-19.14.22-1.png&quot;);\"> <a  data-fancybox=\"\" data-video-lightbox=\"true\" href=\"https:\/\/www.youtube.com\/watch?v=OkoLw0S4ujc\" class=\"\"> <i  class=\"fa video-icon fa-play-circle-o color-white\" data-cp-fa=\"true\"><\/i><\/a> <\/div><\/div> <\/div><\/div> <\/div><div  data-label=\"Cta\" data-id=\"cta--1\" data-export-id=\"cta-blue-section\" data-category=\"cta\" class=\"cta-blue-section content-section content-section-spacing-medium bg-color1 white-text\" id=\"cta-1\" style=\"background-image: none; background-color: rgb(249, 32, 162);\"><div  class=\"gridContainer\"> <div  class=\"row middle-xs\"><div  class=\"col-sm-8 space-bottom-xs\" data-type=\"column\"> <h2  class=\"\">Schau rein! Der YouTube-Kanal mit Rainbowman Reinhard Stengel<\/h2> <\/div> <div  class=\"col-sm-4 end-sm\" data-type=\"column\"> <a  class=\"button color3\" href=\"https:\/\/www.youtube.com\/channel\/UChFqks4O4KLc881_LF31Lpw\" target=\"_blank\" data-cp-link=\"1\" data-icon=\"\" rel=\"noopener\">ZUM YOUTUBE-KANAL<\/a><\/div> <\/div><\/div> <\/div><div  data-label=\"Content\" data-id=\"content--2\" data-export-id=\"content-1\" data-category=\"content\" class=\"content-1 content-section content-section-spacing\" id=\"content-2\" style=\"background-color: rgb(245, 250, 253);\"><div  class=\"gridContainer\"> <div  class=\"row middle-sm\"><div  class=\"col-sm-6\" data-type=\"column\"> <h2  class=\"\">Thema: Depression<\/h2> <p  class=\"\">Angst und Depression sind ein Signal deiner Seele, dass du eine Ver\u00e4nderung in dein Leben bringen solltest. Du versuchst verzweifelt einen bestimmten Weg zu gehen oder eine bestimmte Sache mit deinem Willen durchzusetzen, ob es bei der Arbeit, in deinem Umfeld oder auch bei deinem Partner der Fall ist.\n<br ><br >\nJedoch gelingt es dir einfach nicht, dass Andere das tun was du dir vorstellst.\n<br ><br >\nDurch diese Denk und Handelsweise f\u00fcgst du dir selbst einen starken seelischen Schmerz zu. Du schwimmst gegen den Strom, weil es so deiner Vorstellung entspricht und du es gerne so haben m\u00f6chtest. Dein Seelenplan ist vermutlich ganz anders und du solltest lernen Altes loszulassen.<\/p> <\/div> <div  class=\"col-sm-6 flexbox-strech center-xs middle-xs\"><div  class=\"lightbox-video lightbox-video-tall dark-overlay shadow-large flexbox middle-xs center-xs\" data-bg=\"image\" data-type=\"group\" style=\"background-image: url(&quot;https:\/\/reinhard-stengel.de\/wp\/wp-content\/uploads\/2021\/12\/Anders-als-die-anderen-500-x-400-px.png&quot;);\"> <a  data-fancybox=\"\" data-video-lightbox=\"true\" href=\"https:\/\/youtu.be\/TiNmLq5B9Z4\" class=\"\"> <i  class=\"fa video-icon fa-play-circle-o color-white\" data-cp-fa=\"true\"><\/i><\/a> <\/div><\/div> <\/div><\/div> <\/div><div  data-label=\"Cta\" data-id=\"cta--2\" data-export-id=\"cta-blue-section\" data-category=\"cta\" class=\"cta-blue-section content-section content-section-spacing-medium bg-color1 white-text\" id=\"cta-2\" style=\"background-image: none; background-color: rgb(249, 32, 162);\"><div  class=\"gridContainer\"> <div  class=\"row middle-xs\"><div  class=\"col-sm-8 space-bottom-xs\" data-type=\"column\"> <h2  class=\"\">Weitere Videos findest Du hier:<\/h2> <\/div> <div  class=\"col-sm-4 end-sm\" data-type=\"column\"> <a  class=\"button color3\" href=\"https:\/\/www.youtube.com\/channel\/UChFqks4O4KLc881_LF31Lpw\" target=\"_blank\" data-cp-link=\"1\" data-icon=\"\" rel=\"noopener\">ZUM YOUTUBE-KANAL<\/a><\/div> <\/div><\/div> <\/div>","protected":false},"excerpt":{"rendered":"<p>Nachtcaf\u00e9 (SWR) \u00dcbernat\u00fcrliche F\u00e4higkeiten, Besuche von Au\u00dferirdischen in UFOs, Kontakte ins Jenseits und andere Ph\u00e4nomene: \u201cKaum zu glauben \u2013 Ufos, Geister und Engel\u201d ist das Thema im Nachtcaf\u00e9. Genauer gesagt sind folgende G\u00e4ste am Freitag, dem 13.Dezember im Studio, um \u00fcber UFOs, Geister und Engel zu sprechen: Heike Fach, Hugo-Egon Balder, Reinhard Stengel, Zo\u00eb B.&hellip; <br \/> <a class=\"read-more\" href=\"https:\/\/reinhard-stengel.de\/wp\/videos\/\">Read more<\/a><\/p>\n","protected":false},"author":1,"featured_media":0,"parent":0,"menu_order":0,"comment_status":"closed","ping_status":"closed","template":"pro\/page-templates\/full-width-page.php","meta":{"footnotes":""},"class_list":["post-233","page","type-page","status-publish","hentry"],"aioseo_notices":[],"_links":{"self":[{"href":"https:\/\/reinhard-stengel.de\/wp\/wp-json\/wp\/v2\/pages\/233","targetHints":{"allow":["GET"]}}],"collection":[{"href":"https:\/\/reinhard-stengel.de\/wp\/wp-json\/wp\/v2\/pages"}],"about":[{"href":"https:\/\/reinhard-stengel.de\/wp\/wp-json\/wp\/v2\/types\/page"}],"author":[{"embeddable":true,"href":"https:\/\/reinhard-stengel.de\/wp\/wp-json\/wp\/v2\/users\/1"}],"replies":[{"embeddable":true,"href":"https:\/\/reinhard-stengel.de\/wp\/wp-json\/wp\/v2\/comments?post=233"}],"version-history":[{"count":5,"href":"https:\/\/reinhard-stengel.de\/wp\/wp-json\/wp\/v2\/pages\/233\/revisions"}],"predecessor-version":[{"id":2765,"href":"https:\/\/reinhard-stengel.de\/wp\/wp-json\/wp\/v2\/pages\/233\/revisions\/2765"}],"wp:attachment":[{"href":"https:\/\/reinhard-stengel.de\/wp\/wp-json\/wp\/v2\/media?parent=233"}],"curies":[{"name":"wp","href":"https:\/\/api.w.org\/{rel}","templated":true}]}}