{"id":525,"date":"2021-12-24T01:11:26","date_gmt":"2021-12-24T00:11:26","guid":{"rendered":"https:\/\/reinhard-stengel.de\/wp\/?post_type=product&#038;p=525"},"modified":"2021-12-24T01:13:28","modified_gmt":"2021-12-24T00:13:28","slug":"seelengespraech-mit-dem-koerper","status":"publish","type":"product","link":"https:\/\/reinhard-stengel.de\/wp\/produkt\/seelengespraech-mit-dem-koerper\/","title":{"rendered":"Seelengespr\u00e4ch mit dem K\u00f6rper"},"content":{"rendered":"<p>Unser Herz, unsere Lunge, unsere Knie,<\/p>\n<p>unsere H\u00e4nde &#8211; f\u00fcr uns ist es v\u00f6llig selbstverst\u00e4ndlich, dass sie funktionieren. Dabei leisten sie t\u00e4glich Schwerstarbeit. Wir bemerken sie eigentlich erst, wenn sie einmal nicht so arbeiten, wie sie sollen. Wenn wir lernen, unserem K\u00f6rper zuzuh\u00f6ren und seine Botschaften zu verstehen, k\u00f6nnen wir die seelischen Hintergr\u00fcnde von physischen Leiden erkennen und Impulse zur Heilung und Gesunderhaltung geben<\/p>\n<p>\u00bb <a title=\"Leseprobe: Seelengespr\u00e4ch mit dem K\u00f6rper\" href=\"https:\/\/www.schirner.com\/files\/leseproben\/5095_Leseprobe.pdf\" target=\"_blank\" rel=\"noopener\">Leseprobe<\/a><\/p>\n<p>ISBN-13: 978-3-8434-5095-9<br \/>\n96 Seiten, Paperback, farbig, mit Abbildungen<\/p>\n<p>Auch als eBook erh\u00e4ltlich:<br \/>\nISBN-13: 978-3-8434-6168-9<\/p>\n","protected":false},"excerpt":{"rendered":"<p style=\"text-align: left;\"><strong>&#8211; Die Botschaften des K\u00f6rpers entschl\u00fcsseln<\/strong><\/p>\n<p style=\"text-align: left;\">\u00bb <a title=\"Leseprobe: Seelengespr\u00e4ch mit dem K\u00f6rper\" href=\"https:\/\/www.schirner.com\/files\/leseproben\/5095_Leseprobe.pdf\" target=\"_blank\" rel=\"noopener\">Leseprobe<\/a><\/p>\n<p style=\"text-align: left;\">ISBN-13: 978-3-8434-5095-9<br \/>\n96 Seiten, Paperback, farbig, mit Abbildungen<\/p>\n<p style=\"text-align: left;\">Auch als eBook erh\u00e4ltlich:<br \/>\nISBN-13: 978-3-8434-6168-9<\/p>\n<p>&nbsp;<\/p>\n","protected":false},"author":1,"featured_media":526,"comment_status":"open","ping_status":"closed","template":"","meta":[],"product_brand":[],"product_cat":[25],"product_tag":[],"class_list":{"0":"post-525","1":"product","2":"type-product","3":"status-publish","4":"has-post-thumbnail","6":"product_cat-kleine-buchreihe","8":"first","9":"instock","10":"taxable","11":"shipping-taxable","12":"purchasable","13":"product-type-simple"},"aioseo_notices":[],"_links":{"self":[{"href":"https:\/\/reinhard-stengel.de\/wp\/wp-json\/wp\/v2\/product\/525","targetHints":{"allow":["GET"]}}],"collection":[{"href":"https:\/\/reinhard-stengel.de\/wp\/wp-json\/wp\/v2\/product"}],"about":[{"href":"https:\/\/reinhard-stengel.de\/wp\/wp-json\/wp\/v2\/types\/product"}],"author":[{"embeddable":true,"href":"https:\/\/reinhard-stengel.de\/wp\/wp-json\/wp\/v2\/users\/1"}],"replies":[{"embeddable":true,"href":"https:\/\/reinhard-stengel.de\/wp\/wp-json\/wp\/v2\/comments?post=525"}],"wp:featuredmedia":[{"embeddable":true,"href":"https:\/\/reinhard-stengel.de\/wp\/wp-json\/wp\/v2\/media\/526"}],"wp:attachment":[{"href":"https:\/\/reinhard-stengel.de\/wp\/wp-json\/wp\/v2\/media?parent=525"}],"wp:term":[{"taxonomy":"product_brand","embeddable":true,"href":"https:\/\/reinhard-stengel.de\/wp\/wp-json\/wp\/v2\/product_brand?post=525"},{"taxonomy":"product_cat","embeddable":true,"href":"https:\/\/reinhard-stengel.de\/wp\/wp-json\/wp\/v2\/product_cat?post=525"},{"taxonomy":"product_tag","embeddable":true,"href":"https:\/\/reinhard-stengel.de\/wp\/wp-json\/wp\/v2\/product_tag?post=525"}],"curies":[{"name":"wp","href":"https:\/\/api.w.org\/{rel}","templated":true}]}}