{"id":541,"date":"2021-12-24T01:27:44","date_gmt":"2021-12-24T00:27:44","guid":{"rendered":"https:\/\/reinhard-stengel.de\/wp\/?post_type=product&#038;p=541"},"modified":"2021-12-24T01:29:16","modified_gmt":"2021-12-24T00:29:16","slug":"reise-in-die-einheit","status":"publish","type":"product","link":"https:\/\/reinhard-stengel.de\/wp\/produkt\/reise-in-die-einheit\/","title":{"rendered":"Reise in die Einheit"},"content":{"rendered":"<p>Wir wollen unser Leben nach unseren eigenen W\u00fcnschen gestalten und unsere Bestimmung leben. Dazu ist es wichtig, \u00fcber das \u00bbBauchgef\u00fchl\u00ab einen guten Zugang zu unserem Unterbewusstsein zu haben. Doch bei vielen Menschen ist diese Verbindung durch Glaubenss\u00e4tze und andere Blockaden gest\u00f6rt. Der beliebte Schamane Reinhard Stengel zeigt uns, wie wir solche St\u00f6rungen in unserem Energiefeld (der Aura) aufsp\u00fcren und durch Meditationen und Aufstellungsarbeit aufl\u00f6sen. Unsere feinstofflichen Ebenen sind wieder von Liebe durchdrungen, und wir k\u00f6nnen wirklich frei sein \u2013 voller Mut und Freude unsere Reise in die Einheit, in unsere Ganzheit unternehmen!<\/p>\n<p>\u00bb <a title=\"Leseprobe: Reise in die Einheit\" href=\"https:\/\/www.schirner.com\/files\/leseproben\/5126_Leseprobe_Reise%20in%20die%20Einheit.pdf\" target=\"_blank\" rel=\"noopener\">Leseprobe<\/a><\/p>\n<p>ISBN-13: 978-3-8434-5126-0<br \/>\n96 Seiten, Paperback, farbig<\/p>\n<p>Auch als eBook erh\u00e4ltlich:<br \/>\nISBN-13:978-3-8434-6290-7<\/p>\n","protected":false},"excerpt":{"rendered":"<p style=\"text-align: left;\"><strong>K\u00f6rper und Seele wieder ganz werden lassen<\/strong><\/p>\n<p style=\"text-align: left;\">\u00bb <a title=\"Leseprobe: Reise in die Einheit\" href=\"https:\/\/www.schirner.com\/files\/leseproben\/5126_Leseprobe_Reise%20in%20die%20Einheit.pdf\" target=\"_blank\" rel=\"noopener\">Leseprobe<\/a><\/p>\n<p style=\"text-align: left;\">ISBN-13: 978-3-8434-5126-0<br \/>\n96 Seiten, Paperback, farbig<\/p>\n<p style=\"text-align: left;\">Auch als eBook erh\u00e4ltlich:<br \/>\nISBN-13:978-3-8434-6290-7<\/p>\n","protected":false},"author":1,"featured_media":542,"comment_status":"open","ping_status":"closed","template":"","meta":[],"product_brand":[],"product_cat":[25],"product_tag":[],"class_list":{"0":"post-541","1":"product","2":"type-product","3":"status-publish","4":"has-post-thumbnail","6":"product_cat-kleine-buchreihe","8":"first","9":"instock","10":"taxable","11":"shipping-taxable","12":"purchasable","13":"product-type-simple"},"aioseo_notices":[],"_links":{"self":[{"href":"https:\/\/reinhard-stengel.de\/wp\/wp-json\/wp\/v2\/product\/541","targetHints":{"allow":["GET"]}}],"collection":[{"href":"https:\/\/reinhard-stengel.de\/wp\/wp-json\/wp\/v2\/product"}],"about":[{"href":"https:\/\/reinhard-stengel.de\/wp\/wp-json\/wp\/v2\/types\/product"}],"author":[{"embeddable":true,"href":"https:\/\/reinhard-stengel.de\/wp\/wp-json\/wp\/v2\/users\/1"}],"replies":[{"embeddable":true,"href":"https:\/\/reinhard-stengel.de\/wp\/wp-json\/wp\/v2\/comments?post=541"}],"wp:featuredmedia":[{"embeddable":true,"href":"https:\/\/reinhard-stengel.de\/wp\/wp-json\/wp\/v2\/media\/542"}],"wp:attachment":[{"href":"https:\/\/reinhard-stengel.de\/wp\/wp-json\/wp\/v2\/media?parent=541"}],"wp:term":[{"taxonomy":"product_brand","embeddable":true,"href":"https:\/\/reinhard-stengel.de\/wp\/wp-json\/wp\/v2\/product_brand?post=541"},{"taxonomy":"product_cat","embeddable":true,"href":"https:\/\/reinhard-stengel.de\/wp\/wp-json\/wp\/v2\/product_cat?post=541"},{"taxonomy":"product_tag","embeddable":true,"href":"https:\/\/reinhard-stengel.de\/wp\/wp-json\/wp\/v2\/product_tag?post=541"}],"curies":[{"name":"wp","href":"https:\/\/api.w.org\/{rel}","templated":true}]}}